{"id":18,"date":"2019-02-10T00:01:35","date_gmt":"2019-02-09T23:01:35","guid":{"rendered":"https:\/\/ledeleguelaique.fr\/?page_id=18"},"modified":"2019-03-13T23:09:56","modified_gmt":"2019-03-13T22:09:56","slug":"a-propos-de","status":"publish","type":"page","link":"https:\/\/ledeleguelaique.fr\/?page_id=18","title":{"rendered":"\u00c0 propos de"},"content":{"rendered":"<p>Ce bulletin est un endroit pour d\u00e9battre entre DDEN. Il vise \u00e0 favoriser la discussion et permettre que la FD des DDEN reste fid\u00e8le \u00e0 sa mission : d\u00e9fendre l\u2019Ecole publique et la la\u00efcit\u00e9. Vous pouvez envoyer vos contributions \u00e0 : <a href=\"mailto:ledeleguelaique@gmail.com\">ledeleguelaique@gmail.com<\/a><\/p>\n\n\n<p><\/p>\n","protected":false},"excerpt":{"rendered":"<p>Ce bulletin est un endroit pour d\u00e9battre entre DDEN. Il vise \u00e0 favoriser la discussion et permettre que la FD des DDEN reste fid\u00e8le \u00e0 sa mission : d\u00e9fendre l\u2019Ecole publique et la la\u00efcit\u00e9. Vous pouvez envoyer vos contributions \u00e0 : ledeleguelaique@gmail.com<\/p>\n","protected":false},"author":1,"featured_media":46,"parent":0,"menu_order":0,"comment_status":"closed","ping_status":"closed","template":"","meta":{"footnotes":""},"_links":{"self":[{"href":"https:\/\/ledeleguelaique.fr\/index.php?rest_route=\/wp\/v2\/pages\/18"}],"collection":[{"href":"https:\/\/ledeleguelaique.fr\/index.php?rest_route=\/wp\/v2\/pages"}],"about":[{"href":"https:\/\/ledeleguelaique.fr\/index.php?rest_route=\/wp\/v2\/types\/page"}],"author":[{"embeddable":true,"href":"https:\/\/ledeleguelaique.fr\/index.php?rest_route=\/wp\/v2\/users\/1"}],"replies":[{"embeddable":true,"href":"https:\/\/ledeleguelaique.fr\/index.php?rest_route=%2Fwp%2Fv2%2Fcomments&post=18"}],"version-history":[{"count":3,"href":"https:\/\/ledeleguelaique.fr\/index.php?rest_route=\/wp\/v2\/pages\/18\/revisions"}],"predecessor-version":[{"id":138,"href":"https:\/\/ledeleguelaique.fr\/index.php?rest_route=\/wp\/v2\/pages\/18\/revisions\/138"}],"wp:featuredmedia":[{"embeddable":true,"href":"https:\/\/ledeleguelaique.fr\/index.php?rest_route=\/wp\/v2\/media\/46"}],"wp:attachment":[{"href":"https:\/\/ledeleguelaique.fr\/index.php?rest_route=%2Fwp%2Fv2%2Fmedia&parent=18"}],"curies":[{"name":"wp","href":"https:\/\/api.w.org\/{rel}","templated":true}]}}